{"id":4710,"date":"2021-10-08T22:02:59","date_gmt":"2021-10-08T22:02:59","guid":{"rendered":"https:\/\/demo.gloriathemes.com\/loquet\/demo\/?page_id=4710"},"modified":"2022-10-09T21:45:48","modified_gmt":"2022-10-09T21:45:48","slug":"visit-us","status":"publish","type":"page","link":"https:\/\/www.cimettafund.org\/en\/visit-us\/","title":{"rendered":"Visit Us"},"content":{"rendered":"\t\t<div data-elementor-type=\"wp-page\" data-elementor-id=\"4710\" class=\"elementor elementor-4710\">\n\t\t\t\t\t\t<section class=\"elementor-section elementor-top-section elementor-element elementor-element-e286edb elementor-section-boxed elementor-section-height-default elementor-section-height-default\" data-id=\"e286edb\" data-element_type=\"section\">\n\t\t\t\t\t\t<div class=\"elementor-container elementor-column-gap-no\">\n\t\t\t\t\t<div class=\"elementor-column elementor-col-100 elementor-top-column elementor-element elementor-element-e6670fd\" data-id=\"e6670fd\" data-element_type=\"column\">\n\t\t\t<div class=\"elementor-widget-wrap elementor-element-populated\">\n\t\t\t\t\t\t<div class=\"elementor-element elementor-element-b9af02b elementor-widget elementor-widget-loquet-service-boxes-widget\" data-id=\"b9af02b\" data-element_type=\"widget\" data-widget_type=\"loquet-service-boxes-widget.default\">\n\t\t\t\t<div class=\"elementor-widget-container\">\n\t\t\t<div class=\"gt-service-boxes gt-style-5 gt-light gt-align-left\"><div class=\"gt-grid gt-grid-2 gt-spacing-20\"><div class=\"gt-grid-col\"><div class=\"gt-item\"><div class=\"gt-left\"><div class=\"gt-image\"><\/div><\/div><div class=\"gt-right\"><div class=\"gt-title\">Museum Hours<\/div><div class=\"gt-content\"><p>Open Daily 9:30\u20136:00, Monday Until 8:00<\/p>\n<\/div><\/div><\/div><\/div><div class=\"gt-grid-col\"><div class=\"gt-item\"><div class=\"gt-left\"><div class=\"gt-image\"><\/div><\/div><div class=\"gt-right\"><div class=\"gt-title\">Museum Location<\/div><div class=\"gt-content\"><p>2270 S Real Camino Lake California<\/p>\n<\/div><\/div><\/div><\/div><\/div><\/div>\t\t<\/div>\n\t\t\t\t<\/div>\n\t\t\t\t\t<\/div>\n\t\t<\/div>\n\t\t\t\t\t<\/div>\n\t\t<\/section>\n\t\t\t\t<section class=\"elementor-section elementor-top-section elementor-element elementor-element-1286251 elementor-section-boxed elementor-section-height-default elementor-section-height-default\" data-id=\"1286251\" data-element_type=\"section\">\n\t\t\t\t\t\t<div class=\"elementor-container elementor-column-gap-no\">\n\t\t\t\t\t<div class=\"elementor-column elementor-col-100 elementor-top-column elementor-element elementor-element-042b3ca\" data-id=\"042b3ca\" data-element_type=\"column\">\n\t\t\t<div class=\"elementor-widget-wrap elementor-element-populated\">\n\t\t\t\t\t\t<div class=\"elementor-element elementor-element-13838a0 elementor-widget elementor-widget-accordion\" data-id=\"13838a0\" data-element_type=\"widget\" data-widget_type=\"accordion.default\">\n\t\t\t\t<div class=\"elementor-widget-container\">\n\t\t\t<style>\/*! elementor - v3.22.0 - 26-06-2024 *\/\n.elementor-accordion{text-align:start}.elementor-accordion .elementor-accordion-item{border:1px solid #d5d8dc}.elementor-accordion .elementor-accordion-item+.elementor-accordion-item{border-top:none}.elementor-accordion .elementor-tab-title{margin:0;padding:15px 20px;font-weight:700;line-height:1;cursor:pointer;outline:none}.elementor-accordion .elementor-tab-title .elementor-accordion-icon{display:inline-block;width:1.5em}.elementor-accordion .elementor-tab-title .elementor-accordion-icon svg{width:1em;height:1em}.elementor-accordion .elementor-tab-title .elementor-accordion-icon.elementor-accordion-icon-right{float:right;text-align:right}.elementor-accordion .elementor-tab-title .elementor-accordion-icon.elementor-accordion-icon-left{float:left;text-align:left}.elementor-accordion .elementor-tab-title .elementor-accordion-icon .elementor-accordion-icon-closed{display:block}.elementor-accordion .elementor-tab-title .elementor-accordion-icon .elementor-accordion-icon-opened,.elementor-accordion .elementor-tab-title.elementor-active .elementor-accordion-icon-closed{display:none}.elementor-accordion .elementor-tab-title.elementor-active .elementor-accordion-icon-opened{display:block}.elementor-accordion .elementor-tab-content{display:none;padding:15px 20px;border-top:1px solid #d5d8dc}@media (max-width:767px){.elementor-accordion .elementor-tab-title{padding:12px 15px}.elementor-accordion .elementor-tab-title .elementor-accordion-icon{width:1.2em}.elementor-accordion .elementor-tab-content{padding:7px 15px}}.e-con-inner>.elementor-widget-accordion,.e-con>.elementor-widget-accordion{width:var(--container-widget-width);--flex-grow:var(--container-widget-flex-grow)}<\/style>\t\t<div class=\"elementor-accordion\">\n\t\t\t\t\t\t\t<div class=\"elementor-accordion-item\">\n\t\t\t\t\t<div id=\"elementor-tab-title-2041\" class=\"elementor-tab-title\" data-tab=\"1\" role=\"button\" aria-controls=\"elementor-tab-content-2041\" aria-expanded=\"false\">\n\t\t\t\t\t\t\t\t\t\t\t\t<a class=\"elementor-accordion-title\" tabindex=\"0\">Demander une bourse :<\/a>\n\t\t\t\t\t<\/div>\n\t\t\t\t\t<div id=\"elementor-tab-content-2041\" class=\"elementor-tab-content elementor-clearfix\" data-tab=\"1\" role=\"region\" aria-labelledby=\"elementor-tab-title-2041\"><p>Les programmes de mobilit\u00e9s seront ouverts au printemps <strong>2022<\/strong>.<\/p><div class=\"gt-button gt-style-1 gt-inline-block\"><a href=\"#\">Demander<\/a><\/div><\/div>\n\t\t\t\t<\/div>\n\t\t\t\t\t\t\t\t\t\t<script type=\"application\/ld+json\">{\"@context\":\"https:\\\/\\\/schema.org\",\"@type\":\"FAQPage\",\"mainEntity\":[{\"@type\":\"Question\",\"name\":\"Demander une bourse :\",\"acceptedAnswer\":{\"@type\":\"Answer\",\"text\":\"<p>Les programmes de mobilit\\u00e9s seront ouverts au printemps <strong>2022<\\\/strong>.<\\\/p><div class=\\\"gt-button gt-style-1 gt-inline-block\\\"><a href=\\\"#\\\">Demander<\\\/a><\\\/div>\"}}]}<\/script>\n\t\t\t\t\t<\/div>\n\t\t\t\t<\/div>\n\t\t\t\t<\/div>\n\t\t\t\t\t<\/div>\n\t\t<\/div>\n\t\t\t\t\t<\/div>\n\t\t<\/section>\n\t\t\t\t<section class=\"elementor-section elementor-top-section elementor-element elementor-element-7f015f3 elementor-section-full_width elementor-section-content-middle elementor-section-stretched elementor-section-height-default elementor-section-height-default\" data-id=\"7f015f3\" data-element_type=\"section\" data-settings=\"{&quot;stretch_section&quot;:&quot;section-stretched&quot;,&quot;background_background&quot;:&quot;classic&quot;}\">\n\t\t\t\t\t\t<div class=\"elementor-container elementor-column-gap-no\">\n\t\t\t\t\t<div class=\"elementor-column elementor-col-50 elementor-top-column elementor-element elementor-element-e146aa3\" data-id=\"e146aa3\" data-element_type=\"column\">\n\t\t\t<div class=\"elementor-widget-wrap elementor-element-populated\">\n\t\t\t\t\t\t<div class=\"elementor-element elementor-element-6f6e166 elementor-widget elementor-widget-loquet-google-maps-widget\" data-id=\"6f6e166\" data-element_type=\"widget\" data-widget_type=\"loquet-google-maps-widget.default\">\n\t\t\t\t<div class=\"elementor-widget-container\">\n\t\t\t<div class=\"gt-maps gt-google-maps\"><div id=\"google_maps\" class=\"gt-maps-canvas\"><\/div><ul data-zoom=\"13\" data-lat=\"48.88951800435307\" data-lng=\"2.340183212501974\" data-type=\"false\" data-scale=\"true\" data-zoom-control=\"true\" data-map-style=\"2\" data-street=\"false\" data-icon=\"\" data-fullscreen=\"true\" data-first-info=\"false\" data-close-icon=\"https:\/\/www.cimettafund.org\/wp-content\/themes\/loquet\/includes\/assets\/img\/map-close.svg\" data-close-icon=\"https:\/\/www.cimettafund.org\/wp-content\/themes\/loquet\/includes\/assets\/img\/map-cluster\/m\"><li data-lat=\"51.5017671\" data-lng=\"-0.1666887\" data-icon=\"\"><div class=\"gt-map-popup-wrapper\"><div class=\"gt-map-popup elementor-repeater-item-ef63c75\"><div class=\"gt-inner\"><div class=\"gt-title\">London Event Area<\/div><div class=\"gt-text\"><p>Aenean non laoreet enim. Nullam sit amet aliquam mauris, quis dignissim est. Morbi id orci at sem consequat lobortis nec nec elit. Aenean non laoreet enim. Nullam sit amet aliquam mauris, quis dignissim.<\/p>\n<\/div><\/div><\/div><\/div><\/li><li data-lat=\"51.4906086\" data-lng=\"-0.1214808\" data-icon=\"\"><div class=\"gt-map-popup-wrapper\"><div class=\"gt-map-popup elementor-repeater-item-d7dec28\"><div class=\"gt-inner\"><div class=\"gt-title\">National Museum<\/div><div class=\"gt-text\"><p>Aenean non laoreet enim. Nullam sit amet aliquam mauris, quis dignissim est. Morbi id orci at sem consequat lobortis nec nec elit. Aenean non laoreet enim. Nullam sit amet aliquam mauris, quis dignissim.<\/p>\n<\/div><\/div><\/div><\/div><\/li><\/ul><\/div>\t\t<\/div>\n\t\t\t\t<\/div>\n\t\t\t\t\t<\/div>\n\t\t<\/div>\n\t\t\t\t<div class=\"elementor-column elementor-col-50 elementor-top-column elementor-element elementor-element-76d2a7d\" data-id=\"76d2a7d\" data-element_type=\"column\">\n\t\t\t<div class=\"elementor-widget-wrap elementor-element-populated\">\n\t\t\t\t\t\t<div class=\"elementor-element elementor-element-31f9cb7 elementor-widget elementor-widget-text-editor\" data-id=\"31f9cb7\" data-element_type=\"widget\" data-widget_type=\"text-editor.default\">\n\t\t\t\t<div class=\"elementor-widget-container\">\n\t\t\t<style>\/*! elementor - v3.22.0 - 26-06-2024 *\/\n.elementor-widget-text-editor.elementor-drop-cap-view-stacked .elementor-drop-cap{background-color:#69727d;color:#fff}.elementor-widget-text-editor.elementor-drop-cap-view-framed .elementor-drop-cap{color:#69727d;border:3px solid;background-color:transparent}.elementor-widget-text-editor:not(.elementor-drop-cap-view-default) .elementor-drop-cap{margin-top:8px}.elementor-widget-text-editor:not(.elementor-drop-cap-view-default) .elementor-drop-cap-letter{width:1em;height:1em}.elementor-widget-text-editor .elementor-drop-cap{float:left;text-align:center;line-height:1;font-size:50px}.elementor-widget-text-editor .elementor-drop-cap-letter{display:inline-block}<\/style>\t\t\t\t<p>Il est tr\u00e8s facile de nous trouver. Le bureau du Fonds Roberto Cimetta se trouve dans le b\u00e2timent de l\u2019ONDA (Office national de Diffiusion artistique) en plein c\u0153ur de Paris dans le 9\u00e8me arrondissement \u00e0 1 minute du m\u00e9tro St. Georges par la ligne 12.<\/p>\t\t\t\t\t\t<\/div>\n\t\t\t\t<\/div>\n\t\t\t\t<div class=\"elementor-element elementor-element-1ee48dd elementor-widget__width-auto elementor-widget-tablet__width-inherit elementor-widget elementor-widget-loquet-button-widget\" data-id=\"1ee48dd\" data-element_type=\"widget\" data-widget_type=\"loquet-button-widget.default\">\n\t\t\t\t<div class=\"elementor-widget-container\">\n\t\t\t<div class=\"gt-button gt-style-1 gt-light gt-align-left gt-flex\"><a href=\"#\"><span>Contactez Nous<\/span><\/a><\/div>\t\t<\/div>\n\t\t\t\t<\/div>\n\t\t\t\t\t<\/div>\n\t\t<\/div>\n\t\t\t\t\t<\/div>\n\t\t<\/section>\n\t\t\t\t<\/div>\n\t\t","protected":false},"excerpt":{"rendered":"<p>Museum Hours Open Daily 9:30\u20136:00, Monday Until 8:00 Museum Location 2270 S Real Camino Lake California Demander une bourse : Les programmes de mobilit\u00e9s seront&#8230;<\/p>\n","protected":false},"author":122,"featured_media":0,"parent":0,"menu_order":0,"comment_status":"closed","ping_status":"closed","template":"","meta":{"footnotes":""},"class_list":["post-4710","page","type-page","status-publish","hentry"],"_links":{"self":[{"href":"https:\/\/www.cimettafund.org\/en\/wp-json\/wp\/v2\/pages\/4710","targetHints":{"allow":["GET"]}}],"collection":[{"href":"https:\/\/www.cimettafund.org\/en\/wp-json\/wp\/v2\/pages"}],"about":[{"href":"https:\/\/www.cimettafund.org\/en\/wp-json\/wp\/v2\/types\/page"}],"author":[{"embeddable":true,"href":"https:\/\/www.cimettafund.org\/en\/wp-json\/wp\/v2\/users\/122"}],"replies":[{"embeddable":true,"href":"https:\/\/www.cimettafund.org\/en\/wp-json\/wp\/v2\/comments?post=4710"}],"version-history":[{"count":0,"href":"https:\/\/www.cimettafund.org\/en\/wp-json\/wp\/v2\/pages\/4710\/revisions"}],"wp:attachment":[{"href":"https:\/\/www.cimettafund.org\/en\/wp-json\/wp\/v2\/media?parent=4710"}],"curies":[{"name":"wp","href":"https:\/\/api.w.org\/{rel}","templated":true}]}}