{"id":7102,"date":"2022-11-20T13:53:17","date_gmt":"2022-11-20T13:53:17","guid":{"rendered":"https:\/\/www.cimettafund.org\/?page_id=7102"},"modified":"2022-11-20T13:53:20","modified_gmt":"2022-11-20T13:53:20","slug":"programs","status":"publish","type":"page","link":"https:\/\/www.cimettafund.org\/ar\/programs\/","title":{"rendered":"Programs"},"content":{"rendered":"\t\t<div data-elementor-type=\"wp-page\" data-elementor-id=\"7102\" class=\"elementor elementor-7102\">\n\t\t\t\t\t\t<section class=\"elementor-section elementor-top-section elementor-element elementor-element-90578f9 elementor-section-full_width elementor-section-height-default elementor-section-height-default\" data-id=\"90578f9\" data-element_type=\"section\">\n\t\t\t\t\t\t<div class=\"elementor-container elementor-column-gap-no\">\n\t\t\t\t\t<div class=\"elementor-column elementor-col-100 elementor-top-column elementor-element elementor-element-9ffac08\" data-id=\"9ffac08\" data-element_type=\"column\">\n\t\t\t<div class=\"elementor-widget-wrap elementor-element-populated\">\n\t\t\t\t\t\t<div class=\"elementor-element elementor-element-a483934 elementor-widget elementor-widget-spacer\" data-id=\"a483934\" data-element_type=\"widget\" data-widget_type=\"spacer.default\">\n\t\t\t\t<div class=\"elementor-widget-container\">\n\t\t\t<style>\/*! elementor - v3.22.0 - 26-06-2024 *\/\n.elementor-column .elementor-spacer-inner{height:var(--spacer-size)}.e-con{--container-widget-width:100%}.e-con-inner>.elementor-widget-spacer,.e-con>.elementor-widget-spacer{width:var(--container-widget-width,var(--spacer-size));--align-self:var(--container-widget-align-self,initial);--flex-shrink:0}.e-con-inner>.elementor-widget-spacer>.elementor-widget-container,.e-con>.elementor-widget-spacer>.elementor-widget-container{height:100%;width:100%}.e-con-inner>.elementor-widget-spacer>.elementor-widget-container>.elementor-spacer,.e-con>.elementor-widget-spacer>.elementor-widget-container>.elementor-spacer{height:100%}.e-con-inner>.elementor-widget-spacer>.elementor-widget-container>.elementor-spacer>.elementor-spacer-inner,.e-con>.elementor-widget-spacer>.elementor-widget-container>.elementor-spacer>.elementor-spacer-inner{height:var(--container-widget-height,var(--spacer-size))}.e-con-inner>.elementor-widget-spacer.elementor-widget-empty,.e-con>.elementor-widget-spacer.elementor-widget-empty{position:relative;min-height:22px;min-width:22px}.e-con-inner>.elementor-widget-spacer.elementor-widget-empty .elementor-widget-empty-icon,.e-con>.elementor-widget-spacer.elementor-widget-empty .elementor-widget-empty-icon{position:absolute;top:0;bottom:0;left:0;right:0;margin:auto;padding:0;width:22px;height:22px}<\/style>\t\t<div class=\"elementor-spacer\">\n\t\t\t<div class=\"elementor-spacer-inner\"><\/div>\n\t\t<\/div>\n\t\t\t\t<\/div>\n\t\t\t\t<\/div>\n\t\t\t\t<div class=\"elementor-element elementor-element-4cf8e52c elementor-widget elementor-widget-heading\" data-id=\"4cf8e52c\" data-element_type=\"widget\" data-widget_type=\"heading.default\">\n\t\t\t\t<div class=\"elementor-widget-container\">\n\t\t\t<style>\/*! elementor - v3.22.0 - 26-06-2024 *\/\n.elementor-heading-title{padding:0;margin:0;line-height:1}.elementor-widget-heading .elementor-heading-title[class*=elementor-size-]>a{color:inherit;font-size:inherit;line-height:inherit}.elementor-widget-heading .elementor-heading-title.elementor-size-small{font-size:15px}.elementor-widget-heading .elementor-heading-title.elementor-size-medium{font-size:19px}.elementor-widget-heading .elementor-heading-title.elementor-size-large{font-size:29px}.elementor-widget-heading .elementor-heading-title.elementor-size-xl{font-size:39px}.elementor-widget-heading .elementor-heading-title.elementor-size-xxl{font-size:59px}<\/style><h5 class=\"elementor-heading-title elementor-size-default\">Plaidoyer pour soutenir la mobilit\u00e9 <\/h5>\t\t<\/div>\n\t\t\t\t<\/div>\n\t\t\t\t<div class=\"elementor-element elementor-element-9419309 elementor-widget elementor-widget-text-editor\" data-id=\"9419309\" data-element_type=\"widget\" data-widget_type=\"text-editor.default\">\n\t\t\t\t<div class=\"elementor-widget-container\">\n\t\t\t<style>\/*! elementor - v3.22.0 - 26-06-2024 *\/\n.elementor-widget-text-editor.elementor-drop-cap-view-stacked .elementor-drop-cap{background-color:#69727d;color:#fff}.elementor-widget-text-editor.elementor-drop-cap-view-framed .elementor-drop-cap{color:#69727d;border:3px solid;background-color:transparent}.elementor-widget-text-editor:not(.elementor-drop-cap-view-default) .elementor-drop-cap{margin-top:8px}.elementor-widget-text-editor:not(.elementor-drop-cap-view-default) .elementor-drop-cap-letter{width:1em;height:1em}.elementor-widget-text-editor .elementor-drop-cap{float:left;text-align:center;line-height:1;font-size:50px}.elementor-widget-text-editor .elementor-drop-cap-letter{display:inline-block}<\/style>\t\t\t\t<p style=\"text-align: left;\"><span style=\"font-weight: 400;\">La mobilit\u00e9 est une composante essentielle des trajectoires des artistes et des op\u00e9rateur.rices culturels\u00a0:\u00a0<\/span><\/p><p style=\"text-align: left;\"><span style=\"font-size: inherit; text-align: center; background-color: var(--gt-background-color);\">\u2042 elle s\u2019assimile \u00e0 une formation informelle en favorisant l\u2019exploration de lieux, pratiques et esth\u00e9tiques nouvelles ;\u00a0<\/span><\/p><p style=\"text-align: left;\"><span style=\"font-size: inherit; text-align: center; background-color: var(--gt-background-color);\">\u2042 elle d\u00e9veloppe des opportunit\u00e9s professionnelles par le biais de partenariats et de la d\u00e9couverte de nouveaux marc<\/span><\/p><p style=\"text-align: left;\"><span style=\"background-color: var(--gt-background-color); font-size: inherit; text-align: center;\">\u2042 elle favorise une meilleure connaissance de la diversit\u00e9 du monde m\u00e9diterran\u00e9en et contribue \u00e0 tisser des liens dans cette r\u00e9gion et au-del\u00e0.\u00a0<\/span><\/p><p style=\"text-align: left;\"><span style=\"font-size: inherit; text-align: center; background-color: var(--gt-background-color);\">Le FRC a une connaissance \u00e9troite des enjeux et des pratiques de la mobilit\u00e9 du secteur culturel dans toute la r\u00e9gion m\u00e9diterran\u00e9enne. Cette expertise nourrit <\/span><b style=\"font-size: inherit; text-align: center; background-color: var(--gt-background-color);\">un travail de plaidoyer pour la mobilit\u00e9 au niveau local, national et europ\u00e9en, afin de contribuer \u00e0 l\u2019\u00e9laboration d\u2019une action publique en faveur de la mobilit\u00e9 et en lien avec les besoins du secteur<\/b><span style=\"font-size: inherit; text-align: center; background-color: var(--gt-background-color);\">. Ayant toujours \u00e9t\u00e9 un espace de r\u00e9flexion ouvert et attentif aux enjeux du monde, les questions d\u2019\u00e9quit\u00e9 dans la mobilit\u00e9, d\u2019environnement et de durabilit\u00e9, traversent d\u00e9sormais tous les projets du FRC.<\/span><\/p><p style=\"text-align: left;\"><span style=\"font-weight: 400;\">Dans ce cadre, le FRC a par exemple r\u00e9cemment publi\u00e9 un <\/span><i><span style=\"font-weight: 400;\">Manifeste en faveur de la mobilit\u00e9 des et des professionnel.les de la culture en M\u00e9diterran\u00e9e et dans le monde<\/span><\/i> <span style=\"font-weight: 400;\">.<\/span><\/p>\t\t\t\t\t\t<\/div>\n\t\t\t\t<\/div>\n\t\t\t\t<div class=\"elementor-element elementor-element-1bf5184 elementor-widget-divider--separator-type-pattern elementor-widget-divider--view-line elementor-widget elementor-widget-divider\" data-id=\"1bf5184\" data-element_type=\"widget\" data-widget_type=\"divider.default\">\n\t\t\t\t<div class=\"elementor-widget-container\">\n\t\t\t<style>\/*! elementor - v3.22.0 - 26-06-2024 *\/\n.elementor-widget-divider{--divider-border-style:none;--divider-border-width:1px;--divider-color:#0c0d0e;--divider-icon-size:20px;--divider-element-spacing:10px;--divider-pattern-height:24px;--divider-pattern-size:20px;--divider-pattern-url:none;--divider-pattern-repeat:repeat-x}.elementor-widget-divider .elementor-divider{display:flex}.elementor-widget-divider .elementor-divider__text{font-size:15px;line-height:1;max-width:95%}.elementor-widget-divider .elementor-divider__element{margin:0 var(--divider-element-spacing);flex-shrink:0}.elementor-widget-divider .elementor-icon{font-size:var(--divider-icon-size)}.elementor-widget-divider .elementor-divider-separator{display:flex;margin:0;direction:ltr}.elementor-widget-divider--view-line_icon .elementor-divider-separator,.elementor-widget-divider--view-line_text .elementor-divider-separator{align-items:center}.elementor-widget-divider--view-line_icon .elementor-divider-separator:after,.elementor-widget-divider--view-line_icon .elementor-divider-separator:before,.elementor-widget-divider--view-line_text .elementor-divider-separator:after,.elementor-widget-divider--view-line_text .elementor-divider-separator:before{display:block;content:\"\";border-block-end:0;flex-grow:1;border-block-start:var(--divider-border-width) var(--divider-border-style) var(--divider-color)}.elementor-widget-divider--element-align-left .elementor-divider .elementor-divider-separator>.elementor-divider__svg:first-of-type{flex-grow:0;flex-shrink:100}.elementor-widget-divider--element-align-left .elementor-divider-separator:before{content:none}.elementor-widget-divider--element-align-left .elementor-divider__element{margin-left:0}.elementor-widget-divider--element-align-right .elementor-divider .elementor-divider-separator>.elementor-divider__svg:last-of-type{flex-grow:0;flex-shrink:100}.elementor-widget-divider--element-align-right .elementor-divider-separator:after{content:none}.elementor-widget-divider--element-align-right .elementor-divider__element{margin-right:0}.elementor-widget-divider--element-align-start .elementor-divider .elementor-divider-separator>.elementor-divider__svg:first-of-type{flex-grow:0;flex-shrink:100}.elementor-widget-divider--element-align-start .elementor-divider-separator:before{content:none}.elementor-widget-divider--element-align-start .elementor-divider__element{margin-inline-start:0}.elementor-widget-divider--element-align-end .elementor-divider .elementor-divider-separator>.elementor-divider__svg:last-of-type{flex-grow:0;flex-shrink:100}.elementor-widget-divider--element-align-end .elementor-divider-separator:after{content:none}.elementor-widget-divider--element-align-end .elementor-divider__element{margin-inline-end:0}.elementor-widget-divider:not(.elementor-widget-divider--view-line_text):not(.elementor-widget-divider--view-line_icon) .elementor-divider-separator{border-block-start:var(--divider-border-width) var(--divider-border-style) var(--divider-color)}.elementor-widget-divider--separator-type-pattern{--divider-border-style:none}.elementor-widget-divider--separator-type-pattern.elementor-widget-divider--view-line .elementor-divider-separator,.elementor-widget-divider--separator-type-pattern:not(.elementor-widget-divider--view-line) .elementor-divider-separator:after,.elementor-widget-divider--separator-type-pattern:not(.elementor-widget-divider--view-line) .elementor-divider-separator:before,.elementor-widget-divider--separator-type-pattern:not([class*=elementor-widget-divider--view]) .elementor-divider-separator{width:100%;min-height:var(--divider-pattern-height);-webkit-mask-size:var(--divider-pattern-size) 100%;mask-size:var(--divider-pattern-size) 100%;-webkit-mask-repeat:var(--divider-pattern-repeat);mask-repeat:var(--divider-pattern-repeat);background-color:var(--divider-color);-webkit-mask-image:var(--divider-pattern-url);mask-image:var(--divider-pattern-url)}.elementor-widget-divider--no-spacing{--divider-pattern-size:auto}.elementor-widget-divider--bg-round{--divider-pattern-repeat:round}.rtl .elementor-widget-divider .elementor-divider__text{direction:rtl}.e-con-inner>.elementor-widget-divider,.e-con>.elementor-widget-divider{width:var(--container-widget-width,100%);--flex-grow:var(--container-widget-flex-grow)}<\/style>\t\t<div class=\"elementor-divider\" style=\"--divider-pattern-url: url(&quot;data:image\/svg+xml,%3Csvg xmlns=&#039;http:\/\/www.w3.org\/2000\/svg&#039; preserveAspectRatio=&#039;none&#039; overflow=&#039;visible&#039; height=&#039;100%&#039; viewBox=&#039;0 0 24 24&#039; fill=&#039;none&#039; stroke=&#039;black&#039; stroke-width=&#039;2.1&#039; stroke-linecap=&#039;square&#039; stroke-miterlimit=&#039;10&#039;%3E%3Cpath d=&#039;M0,6c6,0,0.9,11.1,6.9,11.1S18,6,24,6&#039;\/%3E%3C\/svg%3E&quot;);\">\n\t\t\t<span class=\"elementor-divider-separator\">\n\t\t\t\t\t\t<\/span>\n\t\t<\/div>\n\t\t\t\t<\/div>\n\t\t\t\t<\/div>\n\t\t\t\t<div class=\"elementor-element elementor-element-65ef055 elementor-widget elementor-widget-spacer\" data-id=\"65ef055\" data-element_type=\"widget\" data-widget_type=\"spacer.default\">\n\t\t\t\t<div class=\"elementor-widget-container\">\n\t\t\t\t\t<div class=\"elementor-spacer\">\n\t\t\t<div class=\"elementor-spacer-inner\"><\/div>\n\t\t<\/div>\n\t\t\t\t<\/div>\n\t\t\t\t<\/div>\n\t\t\t\t\t<\/div>\n\t\t<\/div>\n\t\t\t\t\t<\/div>\n\t\t<\/section>\n\t\t\t\t<section class=\"elementor-section elementor-top-section elementor-element elementor-element-93e249c elementor-section-boxed elementor-section-height-default elementor-section-height-default\" data-id=\"93e249c\" data-element_type=\"section\">\n\t\t\t\t\t\t<div class=\"elementor-container elementor-column-gap-default\">\n\t\t\t\t\t<div class=\"elementor-column elementor-col-100 elementor-top-column elementor-element elementor-element-6214ad1\" data-id=\"6214ad1\" data-element_type=\"column\">\n\t\t\t<div class=\"elementor-widget-wrap elementor-element-populated\">\n\t\t\t\t\t\t<div class=\"elementor-element elementor-element-15770432 elementor-widget elementor-widget-heading\" data-id=\"15770432\" data-element_type=\"widget\" data-widget_type=\"heading.default\">\n\t\t\t\t<div class=\"elementor-widget-container\">\n\t\t\t<h5 class=\"elementor-heading-title elementor-size-default\">Accompagnement et formation en lien avec la mobilit\u00e9 <\/h5>\t\t<\/div>\n\t\t\t\t<\/div>\n\t\t\t\t<div class=\"elementor-element elementor-element-e41df62 elementor-widget elementor-widget-text-editor\" data-id=\"e41df62\" data-element_type=\"widget\" data-widget_type=\"text-editor.default\">\n\t\t\t\t<div class=\"elementor-widget-container\">\n\t\t\t\t\t\t\t<p><span style=\"font-weight: 400;\">Le Fonds accompagne les artistes et les professionnel.les de la culture dans leurs projets de mobilit\u00e9, en les guidant dans leurs recherches de financement mais aussi en proposant des conseils et des contacts qui pourraient faciliter le d\u00e9veloppement de leur projet. Il s\u2019agit de <\/span><b>transmettre de l\u2019information<\/b><span style=\"font-weight: 400;\"> et d\u2019offrir un <\/span><b>espace bienveillant<\/b><span style=\"font-weight: 400;\"> facilitant l\u2019\u00e9change entre pairs pour pr\u00e9parer au mieux sa mobilit\u00e9 et la r\u00e9aliser dans les meilleures conditions possibles. Le FRC a \u00e9galement d\u00e9velopp\u00e9 un programme de formation destin\u00e9s aux professionnel.les abordant les nouveaux enjeux de la mobilit\u00e9 et la mani\u00e8re dont les artistes et op\u00e9rateur.rices culturel.les r\u00e9-imaginent cette mobilit\u00e9 aujourd\u2019hui, s\u2019inspirant d\u2019apports th\u00e9oriques et de pratiques de leurs pairs.<\/span><\/p><p><span style=\"color: #006699;\"><b>Actions en cours\u00a0\u00a0<\/b><\/span><\/p><p><span style=\"font-weight: 400;\">\u2042 Accompagnement de jeunes artistes et op\u00e9rateur.rices culturels <\/span><i><span style=\"font-weight: 400;\">\u00ab\u00a0Ready, Steady, Go\u00a0\u00bb<\/span><\/i><span style=\"font-weight: 400;\">, offrant un appui pour pr\u00e9parer une mobilit\u00e9. Programme \u00e9labor\u00e9 sur mesure en fonction des besoins de chacun, possibilit\u00e9 de modality hybride (pr\u00e9sentiel et distanciel);<\/span><\/p><p><span style=\"font-weight: 400;\">\u2042 D\u00e9veloppement de la formation <\/span><i><span style=\"font-weight: 400;\">\u00ab\u00a0Reimagining mobility\u00a0\u00bb<\/span><\/i><span style=\"font-weight: 400;\">, ayant pour objectif de r\u00e9imaginer la mobilit\u00e9 des artistes et des op\u00e9rateur.rices culturel.les bas\u00e9e.es dans la r\u00e9gion m\u00e9diterran\u00e9enne en favorisant leur inclusion en tant que professionnel.les marginalis\u00e9.es, \u00e0 travers une m\u00e9thode d\u2019apprentissage participative de 10 mois, virtuelle et physique, ax\u00e9e sur l\u2019\u00e9change d\u2019id\u00e9es et de bonnes pratiques.<\/span><\/p>\t\t\t\t\t\t<\/div>\n\t\t\t\t<\/div>\n\t\t\t\t<div class=\"elementor-element elementor-element-1741291 elementor-widget-divider--separator-type-pattern elementor-widget-divider--view-line elementor-widget elementor-widget-divider\" data-id=\"1741291\" data-element_type=\"widget\" data-widget_type=\"divider.default\">\n\t\t\t\t<div class=\"elementor-widget-container\">\n\t\t\t\t\t<div class=\"elementor-divider\" style=\"--divider-pattern-url: url(&quot;data:image\/svg+xml,%3Csvg xmlns=&#039;http:\/\/www.w3.org\/2000\/svg&#039; preserveAspectRatio=&#039;none&#039; overflow=&#039;visible&#039; height=&#039;100%&#039; viewBox=&#039;0 0 24 24&#039; fill=&#039;none&#039; stroke=&#039;black&#039; stroke-width=&#039;2.1&#039; stroke-linecap=&#039;square&#039; stroke-miterlimit=&#039;10&#039;%3E%3Cpath d=&#039;M0,6c6,0,0.9,11.1,6.9,11.1S18,6,24,6&#039;\/%3E%3C\/svg%3E&quot;);\">\n\t\t\t<span class=\"elementor-divider-separator\">\n\t\t\t\t\t\t<\/span>\n\t\t<\/div>\n\t\t\t\t<\/div>\n\t\t\t\t<\/div>\n\t\t\t\t<div class=\"elementor-element elementor-element-4867843d elementor-widget elementor-widget-heading\" data-id=\"4867843d\" data-element_type=\"widget\" data-widget_type=\"heading.default\">\n\t\t\t\t<div class=\"elementor-widget-container\">\n\t\t\t<h5 class=\"elementor-heading-title elementor-size-default\">Coop\u00e9ration et mise en r\u00e9seau<\/h5>\t\t<\/div>\n\t\t\t\t<\/div>\n\t\t\t\t<div class=\"elementor-element elementor-element-2a45d712 elementor-widget elementor-widget-text-editor\" data-id=\"2a45d712\" data-element_type=\"widget\" data-widget_type=\"text-editor.default\">\n\t\t\t\t<div class=\"elementor-widget-container\">\n\t\t\t\t\t\t\t<p><span style=\"font-weight: 400;\">Le FRC investit la sc\u00e8ne culturelle euro-m\u00e9diterran\u00e9enne et contribue activement \u00e0 la r\u00e9flexion sur la mobilit\u00e9 culturelle dans le cadre de <\/span><b>s\u00e9minaires, d\u2019ateliers ou de rencontres internationales dans la r\u00e9gion<\/b><span style=\"font-weight: 400;\">. Ces \u00e9changes contribuent \u00e0 l\u2019activit\u00e9 d\u2019observation de la mobilit\u00e9 et au travail de plaidoyer.<\/span><\/p><p><span style=\"font-weight: 400;\">Le FRC se positionne \u00e9galement aussi comme <\/span><b>partenaire pour le d\u00e9veloppement de projets de coop\u00e9ration <\/b><span style=\"font-weight: 400;\">avec des organisations culturelles et artistiques de la r\u00e9gion qui investissent la mobilit\u00e9 comme composante essentielle de la vie des professionnel.les de la culture, et qui explorent de nouvelles pistes pour r\u00e9inventer la mobilit\u00e9 aujourd\u2019hui au service des artistes et des acteur.rices culturel.les.<\/span><\/p>\t\t\t\t\t\t<\/div>\n\t\t\t\t<\/div>\n\t\t\t\t<div class=\"elementor-element elementor-element-cb06513 elementor-widget-divider--separator-type-pattern elementor-widget-divider--view-line elementor-widget elementor-widget-divider\" data-id=\"cb06513\" data-element_type=\"widget\" data-widget_type=\"divider.default\">\n\t\t\t\t<div class=\"elementor-widget-container\">\n\t\t\t\t\t<div class=\"elementor-divider\" style=\"--divider-pattern-url: url(&quot;data:image\/svg+xml,%3Csvg xmlns=&#039;http:\/\/www.w3.org\/2000\/svg&#039; preserveAspectRatio=&#039;none&#039; overflow=&#039;visible&#039; height=&#039;100%&#039; viewBox=&#039;0 0 24 24&#039; fill=&#039;none&#039; stroke=&#039;black&#039; stroke-width=&#039;2.1&#039; stroke-linecap=&#039;square&#039; stroke-miterlimit=&#039;10&#039;%3E%3Cpath d=&#039;M0,6c6,0,0.9,11.1,6.9,11.1S18,6,24,6&#039;\/%3E%3C\/svg%3E&quot;);\">\n\t\t\t<span class=\"elementor-divider-separator\">\n\t\t\t\t\t\t<\/span>\n\t\t<\/div>\n\t\t\t\t<\/div>\n\t\t\t\t<\/div>\n\t\t\t\t<div class=\"elementor-element elementor-element-2eeb18c elementor-widget elementor-widget-heading\" data-id=\"2eeb18c\" data-element_type=\"widget\" data-widget_type=\"heading.default\">\n\t\t\t\t<div class=\"elementor-widget-container\">\n\t\t\t<h5 class=\"elementor-heading-title elementor-size-default\">Attribution de financements pour la mobilit\u00e9 des artistes et op\u00e9rateur.rices culturel.les<\/h5>\t\t<\/div>\n\t\t\t\t<\/div>\n\t\t\t\t<div class=\"elementor-element elementor-element-47aee896 elementor-widget elementor-widget-text-editor\" data-id=\"47aee896\" data-element_type=\"widget\" data-widget_type=\"text-editor.default\">\n\t\t\t\t<div class=\"elementor-widget-container\">\n\t\t\t\t\t\t\t<p style=\"text-align: left;\"><span style=\"font-weight: 400;\">Prenant acte de la n\u00e9cessit\u00e9 toujours vive des professionnel.les de la culture de partir en mobilit\u00e9, le FRC relance, en 2022, ce qui a constitu\u00e9 le c\u0153ur de son activit\u00e9 pendant une vingtaine d\u2019ann\u00e9es : l\u2019allocation de bourses de mobilit\u00e9.\u00a0<\/span><\/p><p style=\"text-align: left;\"><span style=\"font-weight: 400;\">Dans la continuit\u00e9 de la mission du FRC, le dispositif est fond\u00e9 sur la demande des artistes et des op\u00e9rateur.rices, qui choisissent librement leur destination. Au-del\u00e0 de ce principe, la mise en \u0153uvre de ces bourses est revue en lien avec les urgences actuelles et les changements du paysage culturel : ainsi, l\u2019appel 2022 est <strong>exclusivement destin\u00e9 aux femmes, pour des mobilit\u00e9s sud-sud.\u00a0<\/strong><\/span><\/p><p style=\"text-align: left;\"><span style=\"text-decoration: underline;\"><span style=\"color: #008000;\"><strong><a style=\"color: #008000; text-decoration: underline;\" href=\"https:\/\/www.cimettafund.org\/bourses\/\">L&#8217;appel est actuellement ouvert jusqu&#8217;\u00e0 23 d\u00e9cembre 2022.<\/a><\/strong><\/span><\/span><\/p>\t\t\t\t\t\t<\/div>\n\t\t\t\t<\/div>\n\t\t\t\t<div class=\"elementor-element elementor-element-2db1a33 elementor-widget elementor-widget-spacer\" data-id=\"2db1a33\" data-element_type=\"widget\" data-widget_type=\"spacer.default\">\n\t\t\t\t<div class=\"elementor-widget-container\">\n\t\t\t\t\t<div class=\"elementor-spacer\">\n\t\t\t<div class=\"elementor-spacer-inner\"><\/div>\n\t\t<\/div>\n\t\t\t\t<\/div>\n\t\t\t\t<\/div>\n\t\t\t\t\t<\/div>\n\t\t<\/div>\n\t\t\t\t\t<\/div>\n\t\t<\/section>\n\t\t\t\t<\/div>\n\t\t","protected":false},"excerpt":{"rendered":"","protected":false},"author":122,"featured_media":0,"parent":0,"menu_order":0,"comment_status":"closed","ping_status":"closed","template":"","meta":{"footnotes":""},"class_list":["post-7102","page","type-page","status-publish","hentry"],"_links":{"self":[{"href":"https:\/\/www.cimettafund.org\/ar\/wp-json\/wp\/v2\/pages\/7102","targetHints":{"allow":["GET"]}}],"collection":[{"href":"https:\/\/www.cimettafund.org\/ar\/wp-json\/wp\/v2\/pages"}],"about":[{"href":"https:\/\/www.cimettafund.org\/ar\/wp-json\/wp\/v2\/types\/page"}],"author":[{"embeddable":true,"href":"https:\/\/www.cimettafund.org\/ar\/wp-json\/wp\/v2\/users\/122"}],"replies":[{"embeddable":true,"href":"https:\/\/www.cimettafund.org\/ar\/wp-json\/wp\/v2\/comments?post=7102"}],"version-history":[{"count":0,"href":"https:\/\/www.cimettafund.org\/ar\/wp-json\/wp\/v2\/pages\/7102\/revisions"}],"wp:attachment":[{"href":"https:\/\/www.cimettafund.org\/ar\/wp-json\/wp\/v2\/media?parent=7102"}],"curies":[{"name":"wp","href":"https:\/\/api.w.org\/{rel}","templated":true}]}}